{"id":74,"date":"2018-05-19T22:38:19","date_gmt":"2018-05-19T22:38:19","guid":{"rendered":"http:\/\/rdp.cat\/contingut\/?page_id=74"},"modified":"2021-08-01T17:59:34","modified_gmt":"2021-08-01T17:59:34","slug":"digital","status":"publish","type":"page","link":"https:\/\/rdp.cat\/contingut\/digital\/","title":{"rendered":"Veu digital"},"content":{"rendered":"<p><strong>Adjunto informaci\u00f3 referent a una nova manera, econ\u00f2mica de rebre transmissions digitals amb el vostre PC.<\/strong><\/p>\n<p>Com alguns ja sabeu, hi han uns petits aparells USB que, connectats al pc permeten rebre la televisio TDT. Gracies a uns hackers, es va descobrir que un determinat xip que es fa servir en aquests receptors es pot reprogramar per rebre senyals de radio entre els 30MHz i els 2GHz, depenent del model, i la qualitat del producte.<br>\nA partir d&#8217;aquest moment, s&#8217;han anat creant programes d&#8217;ordinador que permeten escoltar senyals anal\u00f2giques com ara la FM comercial, els walkies PMR o els radioaficionats en VHF i UHF.<br>\nEls mateixos radioaficionats es construeixen conversors de freq\u00fc\u00e8ncia per poder escoltar tamb\u00e9 la HF.<br>\nEl nostre company Toni, EA3ERT, ha fabricat un kit per fer aquesta feina. El podeu contactar des d&#8217;aquesta mateixa web.<br>\nPer\u00f2, fins ara, no era possible demodular senyals digitals. Ara, l&#8217;aplicaci\u00f3 <a href=\"https:\/\/github.com\/f4exb\/sdrangel\">SDRAngel<\/a> permet escoltar senyals modulats amb, entre altres, DMR o C4FM.<\/p>\n<p>Aqu\u00ed teniu una captura de pantalla de SDRAngel.<\/p>\n<p><img loading=\"lazy\" decoding=\"async\" class=\"alignnone size-large wp-image-165\" src=\"http:\/\/rdp.cat\/contingut\/wp-content\/uploads\/2018\/06\/MainWindow_tabs-1024x732.png\" alt=\"\" width=\"1024\" height=\"732\" srcset=\"https:\/\/rdp.cat\/contingut\/wp-content\/uploads\/2018\/06\/MainWindow_tabs-1024x732.png 1024w, https:\/\/rdp.cat\/contingut\/wp-content\/uploads\/2018\/06\/MainWindow_tabs-300x214.png 300w, https:\/\/rdp.cat\/contingut\/wp-content\/uploads\/2018\/06\/MainWindow_tabs-768x549.png 768w, https:\/\/rdp.cat\/contingut\/wp-content\/uploads\/2018\/06\/MainWindow_tabs.png 1502w\" sizes=\"auto, (max-width: 1024px) 100vw, 1024px\" \/><\/p>\n<p>&nbsp;<\/p>\n<p>&nbsp;<\/p>\n<p>&nbsp;<\/p>\n<p>_______________________________________________________________________________________________________<\/p>\n<p>Despr\u00e9s de la Fira de Primavera de Tremp hem activat un node digital amb C4FM a la conca de Tremp.<\/p>\n<p>La frequ\u00e8ncia \u00e9s 439.975KHz i est\u00e0 connectat amb el reflector CT Catalana que enlla\u00e7a diversos nodes arreu de Catalunya, entre altres, tamb\u00e9 amb el sistema DMR Bm214 i la sala 21460, en llengua catalana.<\/p>\n<p>Aquest enlla\u00e7 es pot configurar des dels terminals C4FM f\u00e0cilment per connectar amb qualsevol reflector del mon.<\/p>\n<p>Aqu\u00ed teniu les instruccions per configurar les sales de C4FM al nostre enlla\u00e7 digital.<\/p>\n<p><a href=\"http:\/\/rdp.cat\/contingut\/wp-content\/uploads\/2018\/05\/manual-rapid-FT70-versi\u00f3-2.pdf\">Manual r\u00e0pid FT70DE&nbsp;<\/a><\/p>\n<p><a href=\"http:\/\/rdp.cat\/contingut\/wp-content\/uploads\/2018\/05\/FTM-100_minimanual.pdf\">Manual r\u00e0pid <\/a><a href=\"http:\/\/rdp.cat\/contingut\/wp-content\/uploads\/2018\/05\/FTM-100_minimanual.pdf\">FTM-100DE<\/a><\/p>\n<p>&nbsp;<\/p>\n<p>Les diferents modalitats de la veu digital usats per els radioaficionats.<\/p>\n<p><span class=\"notranslate\"><strong>D-Star &#8211; DMR &#8211; Yaesu C4FM &#8211; FreeDV<br>\n<\/strong><\/span><\/p>\n<p>&#8211; <strong>El D-Star<\/strong> va n\u00e9ixer a principis dels anys 2000 i realment pren la seva forma definitiva amb icom el 2007. Aquest protocol s&#8217;ha desenvolupat per a aficionats a la r\u00e0dio i, per tant, est\u00e0 especialment adaptat a les seves necessitats, per\u00f2 amb el temps ha quedat desfassat al quedar obsolet els seu codec. Aquest protocol digital \u00e9s va promoure per la JRL (Japan radio league) i no es tancat a una marca, per\u00f2 nom\u00e9s ICOM va fabricar equips amb aquesta modalitat.<\/p>\n<p>&#8211; <strong>El DMR<\/strong> (Digital mobile radio) \u00e9s un protocol desenvolupat per a necessitats comercials i no t\u00e9 la flexibilitat d&#8217;utilitzar de D-Star o Fusion. Hi ha 3 tipus de DMR, de manera que hem d&#8217;assegurar-nos que el transceptor que comprem \u00e9s compatible amb el tipus &#8220;Tier II&#8221; que \u00e9s la versi\u00f3 que es pot adaptar a les nostres necessitats. Els equips s\u00f3n una mica m\u00e9s econ\u00f2mics que els Yaesu, per\u00f2 s\u00f3n complicats de programar i no ofereixen la flexibilitat dels equips D-Star o C4FM. No tenen VFO, i les transmissions sempre es fan identificades cap a una &#8220;sala&#8221; concreta. Si be poden fer connexions sense repetidors, no estan previstos per aquestes condicions d&#8217;us, al contrari, el seu punt fort \u00e9s la connexi\u00f3 a trav\u00e9s de repetidors enlla\u00e7ats via internet.<\/p>\n<p>&#8211; <strong>El Yaesu C4FM Fusion<\/strong> \u00e9s el protocol digital que ofereix la millor qualitat de veu actualment. El protocol \u00e9s propietari de la marca Yaesu i actualment nom\u00e9s hi ha equips al mercat d&#8217;aquesta marca. B\u00e0sicament, un aparell Fusion \u00e9s un equip de radioaficionat amb una modalitat de transmissi\u00f3 digital afegida a la FM o la SSB. Es pot establir comunicacions exactament igual que amb la FM tradicional, simplement posant els diferents aparells a la mateixa freq\u00fc\u00e8ncia i triant algun dels modes digitals (DN o WR), en lloc de la FM.<\/p>\n<p>&#8211;<strong> El FreeDV,<\/strong> a diferencia dels altres tres modes, est\u00e0 pensat per HF. No hi ha cap equip al mercat que tingui aquesta modalitat de s\u00e8rie, per\u00f2 podeu executar FreeDV usant una aplicaci\u00f3 gratu\u00efta per a Windows, Linux i OSX que permet utilitzar qualsevol r\u00e0dio SSB per a la veu digital de baixa velocitat de bits. Hi ha diversos informes sobre el nou mode FreeDV 700D superant a SSB a baix SNR. A alt SNR, FreeDV 1600 sona com FM, sense sorolls de r\u00e0dio HF anal\u00f2gica molestos. <a href=\"https:\/\/freedv.org\">https:\/\/freedv.org <\/a><\/p>\n<p>A mesura que sigui possible posar\u00e9 informaci\u00f3 t\u00e8cnica de com treballar aquesta modalitat de manera aut\u00f2noma amb qualsevol r\u00e0dio amb SSB.<\/p>\n<p>Freq\u00fc\u00e8ncies i horaris amb transmissions FreeDV:<\/p>\n<p>Austr\u00e0lia VK5 7.177MHz cada diumenge 10AM hora local australiana<br>\nAustr\u00e0lia VK3 7.177MHz baliu FreeDV activa sempre<br>\nAustr\u00e0lia VK3 14.150\/14.153 MHz a diari de les 15:00 a les 16:00 AET QSOs espor\u00e0dics.<br>\nHolanda 3.720 MHz a USB cada diumenge 10:00 UTC Net<br>\nRegne unit 3.643MHz LSB mat\u00ed del diumenge a les 09:00 UTC<br>\nRegne unit 3.697 MHz LSB 700C 16:00 UTC. QSOs<br>\nUSA 14.236 MHz USB QSOs casuals.<\/p>\n<p>&nbsp;<\/p>\n\n\n<p>Actualitzaci\u00f3 manual del OpenGD77, en catal\u00e0 i en angl\u00e8s.<br><br><a href=\"http:\/\/rdp.cat\/contingut\/wp-content\/uploads\/2021\/08\/OpenGD77_User_ca.pdf\" data-type=\"URL\" data-id=\"http:\/\/rdp.cat\/contingut\/wp-content\/uploads\/2021\/08\/OpenGD77_User_ca.pdf\" target=\"_blank\" rel=\"noreferrer noopener\">PDF en Catal\u00e0<\/a> <br><a rel=\"noreferrer noopener\" href=\"http:\/\/rdp.cat\/contingut\/wp-content\/uploads\/2021\/08\/OpenGD77_User_Guide-4.pdf\" data-type=\"URL\" data-id=\"http:\/\/rdp.cat\/contingut\/wp-content\/uploads\/2021\/08\/OpenGD77_User_Guide-4.pdf\" target=\"_blank\">PDF en Angl\u00e8s<\/a><\/p>\n","protected":false},"excerpt":{"rendered":"<p>Adjunto informaci\u00f3 referent a una nova manera, econ\u00f2mica de rebre transmissions digitals amb el vostre PC. Com alguns ja sabeu, hi han uns petits aparells USB que, connectats al pc permeten rebre la televisio TDT. Gracies a uns hackers, es va descobrir que un determinat xip que es fa servir en aquests receptors es pot [&hellip;]<\/p>\n","protected":false},"author":1,"featured_media":0,"parent":0,"menu_order":0,"comment_status":"closed","ping_status":"closed","template":"","meta":{"footnotes":""},"class_list":["post-74","page","type-page","status-publish","hentry"],"_links":{"self":[{"href":"https:\/\/rdp.cat\/contingut\/wp-json\/wp\/v2\/pages\/74","targetHints":{"allow":["GET"]}}],"collection":[{"href":"https:\/\/rdp.cat\/contingut\/wp-json\/wp\/v2\/pages"}],"about":[{"href":"https:\/\/rdp.cat\/contingut\/wp-json\/wp\/v2\/types\/page"}],"author":[{"embeddable":true,"href":"https:\/\/rdp.cat\/contingut\/wp-json\/wp\/v2\/users\/1"}],"replies":[{"embeddable":true,"href":"https:\/\/rdp.cat\/contingut\/wp-json\/wp\/v2\/comments?post=74"}],"version-history":[{"count":20,"href":"https:\/\/rdp.cat\/contingut\/wp-json\/wp\/v2\/pages\/74\/revisions"}],"predecessor-version":[{"id":528,"href":"https:\/\/rdp.cat\/contingut\/wp-json\/wp\/v2\/pages\/74\/revisions\/528"}],"wp:attachment":[{"href":"https:\/\/rdp.cat\/contingut\/wp-json\/wp\/v2\/media?parent=74"}],"curies":[{"name":"wp","href":"https:\/\/api.w.org\/{rel}","templated":true}]}}