{"id":80,"date":"2018-05-19T23:05:31","date_gmt":"2018-05-19T23:05:31","guid":{"rendered":"http:\/\/rdp.cat\/contingut\/?page_id=80"},"modified":"2018-05-19T23:10:40","modified_gmt":"2018-05-19T23:10:40","slug":"xercat","status":"publish","type":"page","link":"https:\/\/rdp.cat\/contingut\/xercat\/","title":{"rendered":"XERCAT &#8211; xarxa d&#8217;emerg\u00e8ncies"},"content":{"rendered":"<div id=\"primary\" class=\"content-area\">\n<article id=\"post-942\" class=\"post-942 page type-page status-publish hentry\">\n<header class=\"entry-header\">\n<h1 class=\"entry-title\">XERCAT<\/h1>\n<\/header>\n<div class=\"entry-content-wrapper\">\n<div class=\"entry-content\">\n<p><img loading=\"lazy\" decoding=\"async\" class=\"alignnone size-medium wp-image-952\" src=\"http:\/\/www.radioaficionats.cat\/wp-content\/uploads\/2017\/11\/protecciocivil-300x81.jpg\" sizes=\"auto, (max-width: 300px) 100vw, 300px\" srcset=\"http:\/\/www.radioaficionats.cat\/wp-content\/uploads\/2017\/11\/protecciocivil-300x81.jpg 300w, http:\/\/www.radioaficionats.cat\/wp-content\/uploads\/2017\/11\/protecciocivil-768x208.jpg 768w, http:\/\/www.radioaficionats.cat\/wp-content\/uploads\/2017\/11\/protecciocivil-1024x277.jpg 1024w, http:\/\/www.radioaficionats.cat\/wp-content\/uploads\/2017\/11\/protecciocivil-370x100.jpg 370w, http:\/\/www.radioaficionats.cat\/wp-content\/uploads\/2017\/11\/protecciocivil.jpg 1193w\" alt=\"\" width=\"300\" height=\"81\" \/><\/p>\n<p>El 19 de gener de 2015 es va signar el Conveni de Col\u00b7laboraci\u00f3 entre el Departament d\u2019Interior a trav\u00e9s de la Direcci\u00f3 General de Protecci\u00f3 Civil, i el Departament de Ocupaci\u00f3 i Empresa a trav\u00e9s de la Direcci\u00f3 General de Telecomunicacions i Societat de la Informaci\u00f3,amb les tres principals associacions de radioaficionats catalanes:<br \/>\nUni\u00f3 de Radioaficionats de Catalunya, URCAT, el Consell Territorial de la Uni\u00f3n de Radioaficionados Espa\u00f1oles, URE a Catalunya i la Federaci\u00f3 Catalana de Radioaficionats.<\/p>\n<p><img loading=\"lazy\" decoding=\"async\" class=\"size-medium wp-image-945 aligncenter\" src=\"http:\/\/www.radioaficionats.cat\/wp-content\/uploads\/2017\/11\/mobilemer-300x200.jpg\" sizes=\"auto, (max-width: 300px) 100vw, 300px\" srcset=\"http:\/\/www.radioaficionats.cat\/wp-content\/uploads\/2017\/11\/mobilemer-300x200.jpg 300w, http:\/\/www.radioaficionats.cat\/wp-content\/uploads\/2017\/11\/mobilemer-768x513.jpg 768w, http:\/\/www.radioaficionats.cat\/wp-content\/uploads\/2017\/11\/mobilemer-1024x684.jpg 1024w, http:\/\/www.radioaficionats.cat\/wp-content\/uploads\/2017\/11\/mobilemer-370x247.jpg 370w, http:\/\/www.radioaficionats.cat\/wp-content\/uploads\/2017\/11\/mobilemer.jpg 1600w\" alt=\"\" width=\"300\" height=\"200\" \/><\/p>\n<p>Aquest Conveni t\u00e9 l\u2019objectiu de disposar d\u2019una xarxa d\u2019estacions i de persones radioaficionades que puguin posar-se a disposici\u00f3 del Departament d\u2019Interior en situacions de greu risc col\u00b7lectiu, de cat\u00e0strofes i calamitats p\u00fabliques que puguin fer caure les xarxes de telecomunicacions a Catalunya, en especial la telefonia i la xarxa RESCAT, usada pels serveis de seguretat i emerg\u00e8ncies de Catalunya.<br \/>\nFruit d\u2019aquest Conveni, els radioaficionats disposarem d\u2019una posici\u00f3 de treball en el Centre de Coordinaci\u00f3 Operativa de Catalunya (CECAT) on ja s\u2019est\u00e0 instal\u00b7lant un equip d\u2019HF i una antena en \u201cV\u201d invertida muntada en un suport telesc\u00f2pic. Al mateix temps, tindrem representaci\u00f3 en els Comit\u00e8s T\u00e8cnics de Seguiment de Risc i\/o als Comit\u00e8s d\u2019Emerg\u00e8ncia dels plans de protecci\u00f3 civil en situacions de risc.<\/p>\n<p>Remarquem qu\u00e8 l\u2019objecte del conveni, \u00e9s comptar amb voluntaris radioaficionats que vulguin participar en casos d\u2019emerg\u00e8ncia on les comunicacions han fallat i no existeix cap mitja de comunicaci\u00f3. No es tracta de fer cap altre tipus de servei, del qual ja s\u2019encarreguen habitualment altres associacions o entitats i per tant no hem de fer cap altre tipus d\u2019activitat que la de garantir la comunicaci\u00f3 entre els punts afectats i el CECAT.<\/p>\n<p>S\u2019hi pot adherir qualsevol radioaficionat -encara que no estigui associat a cap de les associacions esmentades- si b\u00e9, en primera inst\u00e0ncia, formaran part dels equips operatius els associats d\u2019aquestes.<br \/>\nEt demanem per tant qu\u00e8, si no ho has fet encara, demanis la teva inclusi\u00f3 al fitxer de radioaficionats de Catalunya per a situacions d\u2019emerg\u00e8ncia, complimentant el formulari adjunt i\u00a0una fotografia mida carnet a:<br \/>\nDirecci\u00f3 General de Comunicacions Electr\u00f2niques \u2013 Salvador Espriu, 45-51 \u2013 08908 \u2013 L\u2019Hospitalet de Llobregat.<\/p>\n<p><a href=\"http:\/\/fcr.cat\/documents\/sol_carnet_emergencies.rar\">Formulari d&#8217;alta<\/a><\/p>\n<p>&nbsp;<\/p>\n<\/div>\n<\/div>\n<\/article>\n<\/div>\n","protected":false},"excerpt":{"rendered":"<p>XERCAT El 19 de gener de 2015 es va signar el Conveni de Col\u00b7laboraci\u00f3 entre el Departament d\u2019Interior a trav\u00e9s de la Direcci\u00f3 General de Protecci\u00f3 Civil, i el Departament de Ocupaci\u00f3 i Empresa a trav\u00e9s de la Direcci\u00f3 General de Telecomunicacions i Societat de la Informaci\u00f3,amb les tres principals associacions de radioaficionats catalanes: Uni\u00f3 [&hellip;]<\/p>\n","protected":false},"author":1,"featured_media":0,"parent":0,"menu_order":0,"comment_status":"closed","ping_status":"closed","template":"","meta":{"footnotes":""},"class_list":["post-80","page","type-page","status-publish","hentry"],"_links":{"self":[{"href":"https:\/\/rdp.cat\/contingut\/wp-json\/wp\/v2\/pages\/80","targetHints":{"allow":["GET"]}}],"collection":[{"href":"https:\/\/rdp.cat\/contingut\/wp-json\/wp\/v2\/pages"}],"about":[{"href":"https:\/\/rdp.cat\/contingut\/wp-json\/wp\/v2\/types\/page"}],"author":[{"embeddable":true,"href":"https:\/\/rdp.cat\/contingut\/wp-json\/wp\/v2\/users\/1"}],"replies":[{"embeddable":true,"href":"https:\/\/rdp.cat\/contingut\/wp-json\/wp\/v2\/comments?post=80"}],"version-history":[{"count":4,"href":"https:\/\/rdp.cat\/contingut\/wp-json\/wp\/v2\/pages\/80\/revisions"}],"predecessor-version":[{"id":85,"href":"https:\/\/rdp.cat\/contingut\/wp-json\/wp\/v2\/pages\/80\/revisions\/85"}],"wp:attachment":[{"href":"https:\/\/rdp.cat\/contingut\/wp-json\/wp\/v2\/media?parent=80"}],"curies":[{"name":"wp","href":"https:\/\/api.w.org\/{rel}","templated":true}]}}