{"id":891,"date":"2026-02-27T13:13:23","date_gmt":"2026-02-27T13:13:23","guid":{"rendered":"https:\/\/rdp.cat\/contingut\/?page_id=891"},"modified":"2026-04-03T16:21:35","modified_gmt":"2026-04-03T16:21:35","slug":"podcast","status":"publish","type":"page","link":"https:\/\/rdp.cat\/contingut\/podcast\/","title":{"rendered":"Podcast"},"content":{"rendered":"\n<figure class=\"wp-block-image size-full\"><img loading=\"lazy\" decoding=\"async\" width=\"966\" height=\"242\" src=\"https:\/\/rdp.cat\/contingut\/wp-content\/uploads\/2026\/02\/SFSF.png\" alt=\"\" class=\"wp-image-906\" srcset=\"https:\/\/rdp.cat\/contingut\/wp-content\/uploads\/2026\/02\/SFSF.png 966w, https:\/\/rdp.cat\/contingut\/wp-content\/uploads\/2026\/02\/SFSF-300x75.png 300w, https:\/\/rdp.cat\/contingut\/wp-content\/uploads\/2026\/02\/SFSF-768x192.png 768w, https:\/\/rdp.cat\/contingut\/wp-content\/uploads\/2026\/02\/SFSF-624x156.png 624w\" sizes=\"auto, (max-width: 966px) 100vw, 966px\" \/><\/figure>\n\n\n\n<div class=\"wp-block-columns is-layout-flex wp-container-core-columns-is-layout-9d6595d7 wp-block-columns-is-layout-flex\">\n<div class=\"wp-block-column is-layout-flow wp-block-column-is-layout-flow\">\n<p>Per Jordi Vidal (EB3AM) i Toni Millet (EA3T)<\/p>\n<\/div>\n<\/div>\n\n\n\n<p><\/p>\n\n\n\n<div class=\"wp-block-columns is-layout-flex wp-container-core-columns-is-layout-9d6595d7 wp-block-columns-is-layout-flex\">\n<div class=\"wp-block-column is-layout-flow wp-block-column-is-layout-flow\" style=\"flex-basis:33.33%\">\n<p>Cap\u00edtol 1 (Febrer 2026)<\/p>\n<\/div>\n\n\n\n<div class=\"wp-block-column is-layout-flow wp-block-column-is-layout-flow\" style=\"flex-basis:66.66%\">\n<figure class=\"wp-block-audio\"><audio controls src=\"https:\/\/rdp.cat\/audios\/sensefils_1_radiotremp.mp3\"><\/audio><\/figure>\n<\/div>\n<\/div>\n\n\n\n<p class=\"has-text-align-right\"><audio src=\"https:\/\/rdp.cat\/audios\/sensefils_1_radiotremp.mp3\"><\/audio><\/p>\n\n\n\n<div class=\"wp-block-columns is-layout-flex wp-container-core-columns-is-layout-9d6595d7 wp-block-columns-is-layout-flex\">\n<div class=\"wp-block-column is-layout-flow wp-block-column-is-layout-flow\" style=\"flex-basis:33.33%\">\n<p>Cap\u00edtol 2 (Mar\u00e7 2026)<\/p>\n<\/div>\n\n\n\n<div class=\"wp-block-column is-layout-flow wp-block-column-is-layout-flow\" style=\"flex-basis:66.66%\">\n<figure class=\"wp-block-audio\"><audio controls src=\"https:\/\/rdp.cat\/audios\/sensefils_2_radiotremp.mp3\"><\/audio><\/figure>\n<\/div>\n<\/div>\n\n\n\n<p class=\"has-text-align-right\"><audio src=\"https:\/\/rdp.cat\/audios\/sensefils_1_radiotremp.mp3\"><\/audio><\/p>\n\n\n\n<div class=\"wp-block-columns is-layout-flex wp-container-core-columns-is-layout-9d6595d7 wp-block-columns-is-layout-flex\">\n<div class=\"wp-block-column is-layout-flow wp-block-column-is-layout-flow\" style=\"flex-basis:33.33%\">\n<p>Cap\u00edtol 3 (Abril 2026)<\/p>\n<\/div>\n\n\n\n<div class=\"wp-block-column is-layout-flow wp-block-column-is-layout-flow\" style=\"flex-basis:66.66%\">\n<figure class=\"wp-block-audio\"><audio controls src=\"https:\/\/rdp.cat\/audios\/sensefils_3_radiotremp.mp3\"><\/audio><\/figure>\n<\/div>\n<\/div>\n\n\n\n<p><\/p>\n","protected":false},"excerpt":{"rendered":"<p>Per Jordi Vidal (EB3AM) i Toni Millet (EA3T) Cap\u00edtol 1 (Febrer 2026) Cap\u00edtol 2 (Mar\u00e7 2026) Cap\u00edtol 3 (Abril 2026)<\/p>\n","protected":false},"author":1,"featured_media":0,"parent":0,"menu_order":0,"comment_status":"closed","ping_status":"closed","template":"","meta":{"footnotes":""},"class_list":["post-891","page","type-page","status-publish","hentry"],"_links":{"self":[{"href":"https:\/\/rdp.cat\/contingut\/wp-json\/wp\/v2\/pages\/891","targetHints":{"allow":["GET"]}}],"collection":[{"href":"https:\/\/rdp.cat\/contingut\/wp-json\/wp\/v2\/pages"}],"about":[{"href":"https:\/\/rdp.cat\/contingut\/wp-json\/wp\/v2\/types\/page"}],"author":[{"embeddable":true,"href":"https:\/\/rdp.cat\/contingut\/wp-json\/wp\/v2\/users\/1"}],"replies":[{"embeddable":true,"href":"https:\/\/rdp.cat\/contingut\/wp-json\/wp\/v2\/comments?post=891"}],"version-history":[{"count":10,"href":"https:\/\/rdp.cat\/contingut\/wp-json\/wp\/v2\/pages\/891\/revisions"}],"predecessor-version":[{"id":931,"href":"https:\/\/rdp.cat\/contingut\/wp-json\/wp\/v2\/pages\/891\/revisions\/931"}],"wp:attachment":[{"href":"https:\/\/rdp.cat\/contingut\/wp-json\/wp\/v2\/media?parent=891"}],"curies":[{"name":"wp","href":"https:\/\/api.w.org\/{rel}","templated":true}]}}