{"id":91,"date":"2018-05-24T10:04:18","date_gmt":"2018-05-24T10:04:18","guid":{"rendered":"http:\/\/rdp.cat\/contingut\/?page_id=91"},"modified":"2018-09-03T09:15:43","modified_gmt":"2018-09-03T09:15:43","slug":"icom-ic-7300-mods","status":"publish","type":"page","link":"https:\/\/rdp.cat\/contingut\/icom-ic-7300-mods\/","title":{"rendered":"ICOM IC-7300 mods i accessoris"},"content":{"rendered":"<p>Aquesta p\u00e0gina pret\u00e9n recollir les modificacions que es poden fer al Icom IC-7300.<\/p>\n<p><strong>NOTA: Si alg\u00fa intenta fer aquestes modificacions ho fa sota la seva pr\u00f2pia responsabilitat. En cap cas, Radioaficionats del Pallars es fa responsable dels danys que pugi ocasionar la manipulaci\u00f3 dels equips.<\/strong><br \/>\n<strong>Es recorda que no est\u00e0 perm\u00e8s l&#8217;\u00fas d&#8217;equips de r\u00e0dio fora de la banda assignada a cada servei.<br \/>\n<\/strong>Qualsevol modificaci\u00f3 aqu\u00ed explicada \u00e9s de car\u00e0cter experimental, i \u00e9s possible que pugui fer  perdre la garantia del fabricant.<\/p>\n<p>index de modificacions i millores, acc\u00e8s directe:<\/p>\n<p><a href=\"http:\/\/rdp.cat\/contingut\/icom-ic-7300-mods\/#mod1\">Mod1<\/a> Ampliaci\u00f3 de la freq\u00fc\u00e8ncia de transmissi\u00f3.<br \/>\n<a href=\"http:\/\/rdp.cat\/contingut\/icom-ic-7300-mods\/#mod2\">Mod2<\/a> Canvi del ventilador.<br \/>\n<a href=\"http:\/\/rdp.cat\/contingut\/icom-ic-7300-mods\/#mod3\">Mod3<\/a> Modificaci\u00f3 del nivell d&#8217;ALC<br \/>\n<a href=\"http:\/\/rdp.cat\/contingut\/icom-ic-7300-mods\/#mod4\">Mod4<\/a> Ampliaci\u00f3 del rang de treball del sintonitzador autom\u00e0tic incorporat<br \/>\n<a href=\"http:\/\/rdp.cat\/contingut\/icom-ic-7300-mods\/#mod5\">Mod5<\/a> Afegir sortides per un transverter.<br \/>\n<a href=\"http:\/\/rdp.cat\/contingut\/icom-ic-7300-mods\/#mod6\">Mod6<\/a> Antena de recepci\u00f3 separada de la de transmissi\u00f3.<br \/>\n<a href=\"http:\/\/rdp.cat\/contingut\/icom-ic-7300-mods\/#mod7\">Mod7<\/a> Polsador de TUNE<br \/>\n<a href=\"http:\/\/rdp.cat\/contingut\/icom-ic-7300-mods\/#mod8\">Mod8<\/a> Keypad &#8211; Teclat per al IC-7300<br \/>\n<a href=\"http:\/\/rdp.cat\/contingut\/icom-ic-7300-mods\/#mod9\">Mod9<\/a> Commutador autom\u00e0tic d&#8217;antena amb Arduino<\/p>\n<p>&nbsp;<\/p>\n<p>&nbsp;<br \/>\n&nbsp;<\/p>\n<p id=\"mod1\">\n<p><strong>MOD 1: Ampliaci\u00f3 de la freq\u00fc\u00e8ncia de transmissi\u00f3. <\/strong><\/p>\n<p>El 7300 no pot transmetre a les bandes autoritzades de 60m i de 4m. Amb aquesta modificaci\u00f3 l&#8217;aparell \u00e9s capa\u00e7 de transmetre i rebre a tot l&#8217;espectre de HF i fins a 70MHz, per tant, tamb\u00e9 a les dues bandes abans mencionades. Com he indicat abans, <strong>aquesta modificaci\u00f3 ANUL\u00b7LA la garantia de l&#8217;aparell<\/strong>.<\/p>\n<p>Desmunteu la tapa inferior de la r\u00e0dio, i cerqueu la matriu de diodes, a tocar del xip m\u00e9s gran.<br \/>\nPer aconseguir recepci\u00f3, RX 0.030-74.8Mhz (eliminar D416)<br \/>\nPer aconseguir transmissi\u00f3, TX 0.1-74.8Mhz (eliminar D422) (D419 ha d&#8217;estar posat)<br \/>\n** Per obrir \u00fanicament la banda de 60Metres, 5.255-5.405Mhz (eliminar D405)<\/p>\n<p>Agra\u00efments a Marcus, PA2DB.<\/p>\n<p>Un cop feta aquesta modificaci\u00f3, els canvis es mantenen amb les noves versions del firmware.<\/p>\n<p>Per accedir a la placa del microprocessador cal treure la tapa inferior del equip. Per fer aquesta modificaci\u00f3 cal tenir bona vista o una lupa, i un soldador amb presa de terra. Cal observar les normes de desc\u00e0rrega electrost\u00e0tica al manipular aquest equip. Poseu-vos el bra\u00e7alet electrost\u00e0tic, poseu a terra la carcassa de la r\u00e0dio i, com ja he dit useu un soldador amb presa de terra.<br \/>\n<img loading=\"lazy\" decoding=\"async\" class=\"alignnone size-full wp-image-98\" src=\"http:\/\/rdp.cat\/contingut\/wp-content\/uploads\/2018\/05\/7300.jpg\" alt=\"\" width=\"319\" height=\"395\" srcset=\"https:\/\/rdp.cat\/contingut\/wp-content\/uploads\/2018\/05\/7300.jpg 319w, https:\/\/rdp.cat\/contingut\/wp-content\/uploads\/2018\/05\/7300-242x300.jpg 242w\" sizes=\"auto, (max-width: 319px) 100vw, 319px\" \/><\/p>\n<p>&nbsp;<br \/>\n&nbsp;&nbsp;<\/p>\n<p id=\"mod2\">\n<p><strong>MOD 2: Canvi del ventilador.<\/strong><\/p>\n<p>En ambients silenciosos, el fet que el ventilador de l&#8217;aparell es posi en marxa en cada transmissi\u00f3 por ser molest. Aqu\u00ed expliquem com substituir el ventilador original per un altre de molt baix soroll. El resultat \u00e9s sorprenent. Aquesta modificaci\u00f3 \u00e9s reversible, i si es fa amb cura no invalida la garantia.<\/p>\n<p>Doncs \u00e9s tant senzill com substituir el ventilador original, i guardar-lo per si mai heu d&#8217;enviar el equip a f\u00e0brica, per un <span class=\"mobile-undersized-upper\"> &#8220;Noctua NF-A8 PWM&#8221; on els cables  groc (positiu) i negre (negatiu) s&#8217;han de connectar al lloc on va el connector del ventilador original. els cables verd i blau no s&#8217;usen. Deixeu-los a\u00efllats. <\/span><\/p>\n<p><img loading=\"lazy\" decoding=\"async\" class=\"alignnone size-large wp-image-104\" src=\"http:\/\/rdp.cat\/contingut\/wp-content\/uploads\/2018\/05\/maxresdefault-1024x576.jpg\" alt=\"\" width=\"1024\" height=\"576\" srcset=\"https:\/\/rdp.cat\/contingut\/wp-content\/uploads\/2018\/05\/maxresdefault-1024x576.jpg 1024w, https:\/\/rdp.cat\/contingut\/wp-content\/uploads\/2018\/05\/maxresdefault-300x169.jpg 300w, https:\/\/rdp.cat\/contingut\/wp-content\/uploads\/2018\/05\/maxresdefault-768x432.jpg 768w, https:\/\/rdp.cat\/contingut\/wp-content\/uploads\/2018\/05\/maxresdefault.jpg 1280w\" sizes=\"auto, (max-width: 1024px) 100vw, 1024px\" \/><\/p>\n<p>&nbsp;&nbsp;&nbsp;<\/p>\n<p id=\"mod3\">\n<p><strong>MOD 3: Modificaci\u00f3 del nivell d&#8217;ALC<\/strong><\/p>\n<p>Alguns usuaris es queixen que l&#8217;aparell d\u00f3na poca pot\u00e8ncia en SSB. Ho diuen en veure que el vat\u00edmetre marca poca potencia al parlar davant el micr\u00f2fon. Realment l&#8217;equip d\u00f3na tranquil\u00b7lament els 100w PEP, per\u00f2 son pocs els vat\u00edmetres que ho poden visualitzar.<br \/>\n<span style=\"color: #ff0000;\"><strong>Aquesta modificaci\u00f3 no la recomanem<\/strong><\/span>, ja que si b\u00e9 s&#8217;aconsegueix augmentar la potencia mitjana de transmissi\u00f3 es fa amb perjudici de les IMD de l&#8217;equip, i, en cap cas, aquesta millora \u00e9s significativa vers als nostres interlocutors.  <strong>Aquesta modificaci\u00f3 ANUL\u00b7LA la garantia de l&#8217;aparell.<\/strong><\/p>\n<p>Adjunto l&#8217;enlla\u00e7 original d&#8217;aquesta modificaci\u00f3.<\/p>\n<p><a href=\"http:\/\/sp3rnz.blogspot.com\/2017\/01\/icom-ic-7300-ssb-power-mod.html\">http:\/\/sp3rnz.blogspot.com\/2017\/01\/icom-ic-7300-ssb-power-mod.html<\/a><\/p>\n<p>&nbsp;<br \/>\n&nbsp;<\/p>\n<p>&nbsp;<br \/>\n&nbsp;<\/p>\n<p id=\"mod4\">\n<p><strong>MOD 4: Ampliaci\u00f3 del rang de treball del sintonitzador autom\u00e0tic incorporat<\/strong><\/p>\n<p>El Icom IC-7300 porta incorporat un acoblador autom\u00e0tic que quan les SWR estan per sobre del 3:1 (16 Ohm a 150 Ohm) es desactiva. Per poder treballar amb SWR superiors cal posar el mode EMERG\u00c8NCIA, per\u00f2 la potencia de sortida queda limitada a la meitat, 50w.<br \/>\nEl sintonitzador que incorpora el Icom IC-7300 \u00e9s de dimensions iguals a molts aparells de marques conegudes com ara LDG o MFJ que poden suportar sense problemes els 150W.<br \/>\nAix\u00f2 permet que, en condicions normals, l&#8217;aparell sintonitzi antenes de SWR fins a 10:1 (5 Ohm a 500 Ohm), igual que els altres acobladors del mercat. <strong>Aquesta modificaci\u00f3 ANUL\u00b7LA la garantia de l&#8217;aparell.<\/strong><\/p>\n<p>&nbsp;<\/p>\n<p>La modificaci\u00f3 consisteix a fer que el circuit de detecci\u00f3 SWR a TUNER UNIT sigui lleugerament menys sensible. Aix\u00f2 NO afecta al circuit de detecci\u00f3 SWR principal de la unitat de potencia (PA) que s&#8217;encarrega de mesurar la SWR i mostrar-la a la pantalla. Aix\u00ed, la lectura SWR (SWR que la PA &#8220;veu&#8221; a la sortida) no canvia. El circuit de protecci\u00f3 PA tamb\u00e9 obt\u00e9 els valors de SWR i controla la pot\u00e8ncia quan SWR (a la sortida PA) puja massa. Nom\u00e9s es modifica el circuit secundari de detecci\u00f3 SWR de la unitat TUNER, que nom\u00e9s s&#8217;utilitza per a l&#8217;operaci\u00f3 de sintonitzador d&#8217;antenes.<\/p>\n<p>Despr\u00e9s d&#8217;aquesta modificaci\u00f3, el rang d&#8217;operaci\u00f3 del sintonitzador \u00e9s molt m\u00e9s ampli (moltes d&#8217;antenes no ressonants es poden sintonitzar f\u00e0cilment) i, a continuaci\u00f3, es pot utilitzar tota la pot\u00e8ncia de l&#8217;amplificador final. Com s&#8217;ha dit abans, la lectura de SWR a la pantalla de l&#8217;IC-7300 continua sent correcta i sense canvis.<\/p>\n<p>La modificaci\u00f3 consisteix a afegir una resist\u00e8ncia de 100K Ohm en paral\u00b7lel a la resist\u00e8ncia R1507 a la unitat TUNER. Pot ser una resist\u00e8ncia est\u00e0ndard o una versi\u00f3 SMD petita. La resist\u00e8ncia de 100K Ohm es posa entre el punt d&#8217;uni\u00f3 de R1507 i R1506, i massa.<\/p>\n<p>Per accedir a la placa del sintonitzador cal treure la tapa inferior del equip. Per fer aquesta modificaci\u00f3 cal tenir bona vista o una lupa, i un soldador amb presa de terra. Cal observar les normes de desc\u00e0rrega electrost\u00e0tica al manipular aquest equip. Poseu-vos el bra\u00e7alet electrost\u00e0tic, poseu a terra la carcassa de la r\u00e0dio i, com ja he dit useu un soldador amb presa de terra.<\/p>\n<p>imatge:<\/p>\n<p><img loading=\"lazy\" decoding=\"async\" class=\"alignnone size-full wp-image-93\" src=\"http:\/\/rdp.cat\/contingut\/wp-content\/uploads\/2018\/05\/Icom-2BIC-7300-2Btuner-1.jpg\" alt=\"\" width=\"1600\" height=\"858\" srcset=\"https:\/\/rdp.cat\/contingut\/wp-content\/uploads\/2018\/05\/Icom-2BIC-7300-2Btuner-1.jpg 1600w, https:\/\/rdp.cat\/contingut\/wp-content\/uploads\/2018\/05\/Icom-2BIC-7300-2Btuner-1-300x161.jpg 300w, https:\/\/rdp.cat\/contingut\/wp-content\/uploads\/2018\/05\/Icom-2BIC-7300-2Btuner-1-768x412.jpg 768w, https:\/\/rdp.cat\/contingut\/wp-content\/uploads\/2018\/05\/Icom-2BIC-7300-2Btuner-1-1024x549.jpg 1024w\" sizes=\"auto, (max-width: 1600px) 100vw, 1600px\" \/><\/p>\n<p>Font: sp9soy, radioaficion.com, grup de usuaris del Icom 7300 a yahoo.com, i altres p\u00e0gines de la xarxa.<\/p>\n<p>&nbsp;<br \/>\n&nbsp;<\/p>\n<p>&nbsp;<br \/>\n&nbsp;<\/p>\n<p id=\"mod5\">\n<p><strong>Mod 5: Afegir sortides per un transverter.<\/strong><\/p>\n<p><strong>Aquesta modificaci\u00f3 es ven en forma de kit per Kuhne Electronic al preu de 27\u20ac<br \/>\n<\/strong><\/p>\n<p>Aquesta modificaci\u00f3 i la n\u00famero 6 no es poden fer simult\u00e0niament.<\/p>\n<p>At\u00e8s que el transceptor IC7300 no disposa de sortida de transverter, s&#8217;ha desenvolupat una petita PCB per permetre la connexi\u00f3 d&#8217;un transverter.<br \/>\nEl circuit descrit aqu\u00ed est\u00e0 destinat a la instal\u00b7laci\u00f3 dins el transceptor. En aquest cas, el connector<br \/>\nes col\u00b7loca a la part posterior, al lloc est\u00e0 destinat a la connexi\u00f3 d&#8217;un sintonitzador extern. Aquest connector es deixa a l&#8217;interior del aparell.<br \/>\nEl circuit separa la connexi\u00f3 de RF del transceptor entre la placa de RF i la placa de PA.<br \/>\nEl m\u00f2dul transverter s&#8217;activa alimentant + 12V a trav\u00e9s de l&#8217;entrada TRX-IN. Ara, el senyal de transmissi\u00f3 (uns 0,3 mW) \u00e9s a la presa TX-OUT i la entrada del receptor al s\u00f2col RX-IN.<br \/>\nEl circuit original de TXes carrega amb amb 47 OHM a l&#8217;entrada. No es desactiva el transmissor de cap altra manera, ja que en cas contrari, s\u00f3n necess\u00e0ries les intervencions en el transceptor, que exclouen un possible servei de garantia del fabricant.<br \/>\nLa placa de circuit impr\u00e8s est\u00e0 fabricada en material epoxi de 1,5 mm de gruix i simplement s&#8217;instal\u00b7la a la posici\u00f3 que es mostra al manual. A la part inferior de la placa dos peces curtes de 35 ohm 3,6 mm de cables semi-r\u00edgids s\u00f3n soldats, que tenen les dimensions correctes per adaptar-se als endolls de la unitat de RF del transceptor. Aquestes longituds curtes de cable s&#8217;han d&#8217;ajustar en longitud i orientaci\u00f3.<\/p>\n<p><img loading=\"lazy\" decoding=\"async\" class=\"alignnone size-full wp-image-122\" src=\"http:\/\/rdp.cat\/contingut\/wp-content\/uploads\/2018\/05\/dddd.jpg\" alt=\"\" width=\"908\" height=\"681\" srcset=\"https:\/\/rdp.cat\/contingut\/wp-content\/uploads\/2018\/05\/dddd.jpg 908w, https:\/\/rdp.cat\/contingut\/wp-content\/uploads\/2018\/05\/dddd-300x225.jpg 300w, https:\/\/rdp.cat\/contingut\/wp-content\/uploads\/2018\/05\/dddd-768x576.jpg 768w\" sizes=\"auto, (max-width: 908px) 100vw, 908px\" \/><\/p>\n<p>Adjunto enlla\u00e7 al manual i al fabricant del kit:<\/p>\n<p><a href=\"https:\/\/shop.kuhne-electronic.de\/kuhne\/en\/shop\/new\/Transverterinterface+for+IC7300+KIT\/?card=1820#_tab_content1\">https:\/\/shop.kuhne-electronic.de\/kuhne\/en\/shop\/new\/Transverterinterface+for+IC7300+KIT\/?card=1820#_tab_content1<\/a><\/p>\n<p>&nbsp;<br \/>\n&nbsp;<\/p>\n<p>&nbsp;<br \/>\n&nbsp;<\/p>\n<p id=\"mod6\">\n<p><strong>MOD 6: Antena de recepci\u00f3 separada de la de transmissi\u00f3.<\/strong><\/p>\n<p>Aquesta modificaci\u00f3 \u00e9s f\u00e0cil de fer, tot i eue <strong>es ven en kit al preu de 39$ per la casa Inrad<\/strong>.<\/p>\n<p>Consisteix en treure a l&#8217;exterior el cable que uneix la placa PA i la Placa RF, per tal de separar els senyals de RX i TX.<\/p>\n<p>Aquesta modificaci\u00f3 i la n\u00famero 5 no es poden fer simult\u00e0niament.<\/p>\n<p><img loading=\"lazy\" decoding=\"async\" class=\"alignnone size-large wp-image-124\" src=\"http:\/\/rdp.cat\/contingut\/wp-content\/uploads\/2018\/05\/inr-rx7300_xl-1024x515.jpg\" alt=\"\" width=\"1024\" height=\"515\" srcset=\"https:\/\/rdp.cat\/contingut\/wp-content\/uploads\/2018\/05\/inr-rx7300_xl-1024x515.jpg 1024w, https:\/\/rdp.cat\/contingut\/wp-content\/uploads\/2018\/05\/inr-rx7300_xl-300x151.jpg 300w, https:\/\/rdp.cat\/contingut\/wp-content\/uploads\/2018\/05\/inr-rx7300_xl-768x386.jpg 768w, https:\/\/rdp.cat\/contingut\/wp-content\/uploads\/2018\/05\/inr-rx7300_xl.jpg 1600w\" sizes=\"auto, (max-width: 1024px) 100vw, 1024px\" \/><\/p>\n<p><img loading=\"lazy\" decoding=\"async\" class=\"alignnone size-large wp-image-125\" src=\"http:\/\/rdp.cat\/contingut\/wp-content\/uploads\/2018\/05\/inr-rx7300_oh_xl-1024x538.jpg\" alt=\"\" width=\"1024\" height=\"538\" srcset=\"https:\/\/rdp.cat\/contingut\/wp-content\/uploads\/2018\/05\/inr-rx7300_oh_xl-1024x538.jpg 1024w, https:\/\/rdp.cat\/contingut\/wp-content\/uploads\/2018\/05\/inr-rx7300_oh_xl-300x158.jpg 300w, https:\/\/rdp.cat\/contingut\/wp-content\/uploads\/2018\/05\/inr-rx7300_oh_xl-768x403.jpg 768w, https:\/\/rdp.cat\/contingut\/wp-content\/uploads\/2018\/05\/inr-rx7300_oh_xl.jpg 1600w\" sizes=\"auto, (max-width: 1024px) 100vw, 1024px\" \/><\/p>\n<p>Com diuen que una imatge val m\u00e9s que mil paraules, us deixo un video de la instal.laci\u00f3.<\/p>\n<p><iframe loading=\"lazy\" title=\"IC-7300 with INRAD RX7300 RX Antenna Port Installation\" width=\"525\" height=\"295\" src=\"https:\/\/www.youtube.com\/embed\/HBajms1EnuA?feature=oembed\" frameborder=\"0\" allow=\"accelerometer; autoplay; clipboard-write; encrypted-media; gyroscope; picture-in-picture; web-share\" referrerpolicy=\"strict-origin-when-cross-origin\" allowfullscreen><\/iframe><br \/>\n&nbsp;<\/p>\n<p>&nbsp;<br \/>\n&nbsp;<\/p>\n<p id=\"mod7\">\n<p><strong>MOD 7: Polsador de TUNE<\/strong><\/p>\n<p>Un altra cosa que li falta a la 7300 \u00e9s una manera f\u00e0cil de posar un senyal de poca potencia per ajustar acobladors externs. Aquesta modificaci\u00f3 \u00e9s v\u00e0lida per molts altres equips de la casa ICOM.<br \/>\nDe fet, ni tant sols es tracta d&#8217;una modificaci\u00f3 del equip, si no m\u00e9s aviat d&#8217;un accessori.<br \/>\nPer fer aquesta mod necessitem un connector MOLEX de 4 pin, un diode, una resist\u00e8ncia de 47Kohm i un polsador.<\/p>\n<figure style=\"width: 800px\" class=\"wp-caption alignnone\"><img loading=\"lazy\" decoding=\"async\" class=\"size-large\" src=\"http:\/\/www.g4izh.co.uk\/uploads\/1\/0\/1\/6\/10160380\/tune-mod-circuit_orig.jpg\" alt=\"Esquema del projecte. font: http:\/\/www.g4izh.co.uk\" width=\"800\" height=\"565\" \/><figcaption class=\"wp-caption-text\">Esquema del projecte. font: http:\/\/www.g4izh.co.uk<\/figcaption><\/figure>\n<p style=\"text-align: left;\">El connector MOLEX pot esser substitu\u00eft per un connector similar d&#8217;una font d&#8217;alimentaci\u00f3 d&#8217;ordinador, tenint en compte que cal tallar un lateral per que entri per la part de la fletxa del connector de la emissora.<br \/>\nUn cop fet el circuit, veurem que en polsar el polsador l&#8217;equip es posa en transmissi\u00f3 amb una potencia de 10w, suficients per ajustar el nostre acoblador manual. Cal tenir en compte que el mesurador SWR del equip no funciona mentre fem aquest ajust, i \u00e9s fa necessari un mesurador extern (que sol incorporar el acoblador manual).<br \/>\n<em>Modificaci\u00f3 suggerida per EA3CA, el company Carles de Tremp<\/em><\/p>\n<p>Font: http:\/\/www.g4izh.co.uk\/push-button-tune-mod.html<br \/>\n&nbsp;<\/p>\n<p style=\"text-align: left;\"> Al manual es descriu una manera per activar la sintonia autom\u00e0tica de l&#8217;acoblador cada cop que es fa PTT i la freq\u00fc\u00e8ncia ha variat mes d&#8217;un 1%:<\/p>\n<p style=\"text-align: left;\">PTT Tuner start<br \/>\nThe tuner is always activated when PTT is pushed<br \/>\nafter the frequency is changed (more than 1% from<br \/>\nlast-tuned frequency). This function tunes the antenna<br \/>\nfor the first transmission on a new frequency.<br \/>\n<br \/>\nThis function can be turned ON in the \u201cPTT Start\u201d<br \/>\nitem of the TUNER set screen.<br \/>\n<br \/>\nMENU \u00bb SET > Function > Tuner > PTT Start<\/p>\n<p>&nbsp;<br \/>\n&nbsp;<\/p>\n<p id=\"mod8\">\n<p><strong>MOD 8: Keypad &#8211; Teclat per al IC-7300, Per EA3CA, Carles<\/strong><\/p>\n<p><img loading=\"lazy\" decoding=\"async\" class=\"alignnone size-full wp-image-266\" src=\"http:\/\/rdp.cat\/contingut\/wp-content\/uploads\/2018\/08\/keypad-ea3ca-ic7300.png\" alt=\"\" width=\"903\" height=\"518\" srcset=\"https:\/\/rdp.cat\/contingut\/wp-content\/uploads\/2018\/08\/keypad-ea3ca-ic7300.png 903w, https:\/\/rdp.cat\/contingut\/wp-content\/uploads\/2018\/08\/keypad-ea3ca-ic7300-300x172.png 300w, https:\/\/rdp.cat\/contingut\/wp-content\/uploads\/2018\/08\/keypad-ea3ca-ic7300-768x441.png 768w, https:\/\/rdp.cat\/contingut\/wp-content\/uploads\/2018\/08\/keypad-ea3ca-ic7300-624x358.png 624w\" sizes=\"auto, (max-width: 903px) 100vw, 903px\" \/><\/p>\n<p>Quan vaig comprar l\u2019Icom 7300 ja vaig veure al seu manual d\u2019instruccions l\u2019esquema<br \/>\nper a poder fer un keypad.<br \/>\nUn keypad no \u00e9s m\u00e9s que un senzill muntatge que permet, mitjan\u00e7ant uns polsadors,<br \/>\nactivar les mem\u00f2ries internes de l\u2019icom 7300 (concretament les 4 primeres mem\u00f2ries<br \/>\nque emmagatzemen els missatges pre-enregistrats, tant en SSB com en CW i RTTY).<br \/>\nTot i que aquestes mem\u00f2ries s\u00f3n f\u00e0cils d\u2019activar des de la pantalla t\u00e0ctil de l\u2019emissora,<br \/>\nVaig pensar que f\u00f3ra \u00fatil poder-les activar externament, per aix\u00ed no haver d\u2019entrar als<br \/>\nsubmen\u00fas i per tampoc no perdre mentrestant informaci\u00f3 a la pantalla principal, podent<br \/>\nen tot moment disposar del waterfall, audioscope, etc. Aix\u00f2 \u00e9s especialment important si<br \/>\nes treballa en concursos, pile-ups&#8230;<\/p>\n<p>Adjuntem el PDF que explica tots els passos aqu\u00ed:<br \/>\n<a href=\"http:\/\/rdp.cat\/contingut\/wp-content\/uploads\/2018\/08\/KEYPAD-PER-A-ICOM-7300-EA3CA.pdf\">KEYPAD PER A ICOM 7300 EA3CA (en catal\u00e0)<\/a><br \/>\n&nbsp;&nbsp;<\/p>\n<p id=\"mod9\">\n<p><strong>MOD 9: Commutador autom\u00e0tic d&#8217;antena amb Arduino<br \/>\n<\/strong><\/p>\n<p>El ic7300 de ICOM te nom\u00e9s una sortida d&#8217;antena, i bandes de funcionament com per aborrir-se.<\/p>\n<p>Aix\u00f2 vol dir que necessitem un sistema de commutaci\u00f3 d&#8217;antenes per poder triar quina antena fem servir per a cada banda. N&#8217;hi han de manuals, de telecomandats o d&#8217;autom\u00e0tics.<br \/>\nSempre podem anar enroscant i desenroscant PLs per\u00f2 no sembla la millor opci\u00f3. navegant per la xarxa he trobat algunes coses interessants. Primer expliquem que Icom te una sortida que, en funci\u00f3 de la freq\u00fc\u00e8ncia, genera un voltatge diferent, entre 0 i 8vcc. Tamb\u00e9, a traves del CI-V tenim informaci\u00f3 de la freq\u00fc\u00e8ncia on estem sintonitzant la radio.<br \/>\nAmb aquestes dades, es pot crear un commutador programable que elegeix quina antena fem anar a cada banda.<br \/>\nSi no sou manetes i teniu 125\u20ac sobrers podeu comprar aquest aparell <a href=\"https:\/\/www.box73.de\/product_info.php?products_id=3686\">https:\/\/www.box73.de\/product_info.php?products_id=3686<\/a> i ja teniu la feina feta.<\/p>\n<figure id=\"attachment_297\" aria-describedby=\"caption-attachment-297\" style=\"width: 625px\" class=\"wp-caption alignnone\"><img loading=\"lazy\" decoding=\"async\" class=\"size-large wp-image-297\" src=\"http:\/\/rdp.cat\/contingut\/wp-content\/uploads\/2018\/09\/pcbarduino-1024x723.jpg\" alt=\"Marco Vona iw0ffk\" width=\"625\" height=\"441\" srcset=\"https:\/\/rdp.cat\/contingut\/wp-content\/uploads\/2018\/09\/pcbarduino-1024x723.jpg 1024w, https:\/\/rdp.cat\/contingut\/wp-content\/uploads\/2018\/09\/pcbarduino-300x212.jpg 300w, https:\/\/rdp.cat\/contingut\/wp-content\/uploads\/2018\/09\/pcbarduino-768x542.jpg 768w, https:\/\/rdp.cat\/contingut\/wp-content\/uploads\/2018\/09\/pcbarduino-624x440.jpg 624w, https:\/\/rdp.cat\/contingut\/wp-content\/uploads\/2018\/09\/pcbarduino.jpg 1200w\" sizes=\"auto, (max-width: 625px) 100vw, 625px\" \/><figcaption id=\"caption-attachment-297\" class=\"wp-caption-text\">Marco Vona iw0ffk<\/figcaption><\/figure>\n<p>Si us agrada trastejar una mica, aquest company <a href=\"https:\/\/iw0ffk.wordpress.com\/\">iw0ffk<\/a> n&#8217;ha fet un basat amb un arduino que segur que ser\u00e0 m\u00e9s econ\u00f2mic i us distraur\u00e0 una estona.<br \/>\n<a href=\"https:\/\/iw0ffk.wordpress.com\/2017\/04\/12\/ic-7300-more-antennas-with-arduino\/\">https:\/\/iw0ffk.wordpress.com\/2017\/04\/12\/ic-7300-more-antennas-with-arduino\/ <\/a><br \/>\nEl link directe que acabo de posar explica, en angl\u00e8s, com funciona, hi ha l&#8217;esquema i tamb\u00e9 ens diu que si volem ens fa arribar el programa de l&#8217;Arduino.<br \/>\n<figure id=\"attachment_303\" aria-describedby=\"caption-attachment-303\" style=\"width: 625px\" class=\"wp-caption alignnone\"><img loading=\"lazy\" decoding=\"async\" src=\"http:\/\/rdp.cat\/contingut\/wp-content\/uploads\/2018\/09\/ic-7300_ci-v_ant_multiplexer1-1024x770.png\" alt=\"ic-7300 ci-v ant multiplexer\" width=\"625\" height=\"470\" class=\"size-large wp-image-303\" srcset=\"https:\/\/rdp.cat\/contingut\/wp-content\/uploads\/2018\/09\/ic-7300_ci-v_ant_multiplexer1-1024x770.png 1024w, https:\/\/rdp.cat\/contingut\/wp-content\/uploads\/2018\/09\/ic-7300_ci-v_ant_multiplexer1-300x225.png 300w, https:\/\/rdp.cat\/contingut\/wp-content\/uploads\/2018\/09\/ic-7300_ci-v_ant_multiplexer1-768x577.png 768w, https:\/\/rdp.cat\/contingut\/wp-content\/uploads\/2018\/09\/ic-7300_ci-v_ant_multiplexer1-624x469.png 624w, https:\/\/rdp.cat\/contingut\/wp-content\/uploads\/2018\/09\/ic-7300_ci-v_ant_multiplexer1.png 1493w\" sizes=\"auto, (max-width: 625px) 100vw, 625px\" \/><figcaption id=\"caption-attachment-303\" class=\"wp-caption-text\">ic-7300 ci-v ant multiplexer<\/figcaption><\/figure><br \/>\nPer aix\u00f2 cal contactar amb ell a l&#8217;adre\u00e7a: <span id=\"qem\">iw0ffk @ yahoo.it<br \/>\n<\/span>Per cert, ell es en Marco Vona, de Roma.<\/p>\n","protected":false},"excerpt":{"rendered":"<p>Aquesta p\u00e0gina pret\u00e9n recollir les modificacions que es poden fer al Icom IC-7300. NOTA: Si alg\u00fa intenta fer aquestes modificacions ho fa sota la seva pr\u00f2pia responsabilitat. En cap cas, Radioaficionats del Pallars es fa responsable dels danys que pugi ocasionar la manipulaci\u00f3 dels equips. Es recorda que no est\u00e0 perm\u00e8s l&#8217;\u00fas d&#8217;equips de r\u00e0dio [&hellip;]<\/p>\n","protected":false},"author":1,"featured_media":0,"parent":0,"menu_order":0,"comment_status":"closed","ping_status":"closed","template":"","meta":{"footnotes":""},"class_list":["post-91","page","type-page","status-publish","hentry"],"_links":{"self":[{"href":"https:\/\/rdp.cat\/contingut\/wp-json\/wp\/v2\/pages\/91","targetHints":{"allow":["GET"]}}],"collection":[{"href":"https:\/\/rdp.cat\/contingut\/wp-json\/wp\/v2\/pages"}],"about":[{"href":"https:\/\/rdp.cat\/contingut\/wp-json\/wp\/v2\/types\/page"}],"author":[{"embeddable":true,"href":"https:\/\/rdp.cat\/contingut\/wp-json\/wp\/v2\/users\/1"}],"replies":[{"embeddable":true,"href":"https:\/\/rdp.cat\/contingut\/wp-json\/wp\/v2\/comments?post=91"}],"version-history":[{"count":43,"href":"https:\/\/rdp.cat\/contingut\/wp-json\/wp\/v2\/pages\/91\/revisions"}],"predecessor-version":[{"id":304,"href":"https:\/\/rdp.cat\/contingut\/wp-json\/wp\/v2\/pages\/91\/revisions\/304"}],"wp:attachment":[{"href":"https:\/\/rdp.cat\/contingut\/wp-json\/wp\/v2\/media?parent=91"}],"curies":[{"name":"wp","href":"https:\/\/api.w.org\/{rel}","templated":true}]}}